{"id":1100,"date":"2018-07-20T17:47:48","date_gmt":"2018-07-20T17:47:48","guid":{"rendered":"https:\/\/kunstwerkstatt-kh.de\/?page_id=1100"},"modified":"2024-03-07T09:33:59","modified_gmt":"2024-03-07T09:33:59","slug":"leitbild_kunstwerkstatt","status":"publish","type":"page","link":"https:\/\/kunstwerkstatt-kh.de\/?page_id=1100","title":{"rendered":"Leitbild_Kunstwerkstatt"},"content":{"rendered":"<p>[et_pb_section fb_built=&#8220;1&#8243; admin_label=&#8220;Hero&#8220; _builder_version=&#8220;4.16&#8243; background_image=&#8220;https:\/\/kunstwerkstatt-kh.de\/wp-content\/uploads\/2018\/03\/Kuwe_Panorama_7.jpg&#8220; background_size=&#8220;initial&#8220; custom_margin=&#8220;|||&#8220; custom_padding=&#8220;200px||199px||false|false&#8220; animation_style=&#8220;fade&#8220; global_colors_info=&#8220;{}&#8220;][\/et_pb_section][et_pb_section fb_built=&#8220;1&#8243; admin_label=&#8220;Features&#8220; _builder_version=&#8220;4.16&#8243; custom_margin=&#8220;1px|0px|0px|0px&#8220; custom_padding=&#8220;13px||0|0px|false|false&#8220; animation_style=&#8220;fade&#8220; global_colors_info=&#8220;{}&#8220;][et_pb_row _builder_version=&#8220;4.16&#8243; background_size=&#8220;initial&#8220; background_position=&#8220;top_left&#8220; background_repeat=&#8220;repeat&#8220; custom_padding=&#8220;0|0px|0|0px&#8220; animation_style=&#8220;fade&#8220; global_colors_info=&#8220;{}&#8220;][et_pb_column type=&#8220;4_4&#8243; _builder_version=&#8220;4.16&#8243; custom_padding=&#8220;|||&#8220; global_colors_info=&#8220;{}&#8220; custom_padding__hover=&#8220;|||&#8220;][et_pb_text _builder_version=&#8220;4.24.0&#8243; text_font=&#8220;Actor|500|||||||&#8220; text_text_color=&#8220;#0c71c3&#8243; text_font_size=&#8220;40px&#8220; text_letter_spacing=&#8220;5px&#8220; text_line_height=&#8220;1.6em&#8220; header_font=&#8220;||||||||&#8220; header_text_align=&#8220;center&#8220; text_orientation=&#8220;center&#8220; custom_margin=&#8220;5px|||&#8220; custom_padding=&#8220;0px||12px|&#8220; animation_style=&#8220;fade&#8220; animation_direction=&#8220;bottom&#8220; animation_starting_opacity=&#8220;100%&#8220; hover_enabled=&#8220;0&#8243; global_colors_info=&#8220;{}&#8220; sticky_enabled=&#8220;0&#8243;]<\/p>\n<p>Wer wir sind<\/p>\n<p>[\/et_pb_text][\/et_pb_column][\/et_pb_row][et_pb_row custom_padding_last_edited=&#8220;on|phone&#8220; _builder_version=&#8220;4.16&#8243; background_image=&#8220;https:\/\/kunstwerkstatt-kh.de\/wp-content\/uploads\/2018\/03\/Kuwe_Regal_1.jpg&#8220; custom_margin=&#8220;0px|||&#8220; custom_padding=&#8220;40px|50px|40px|50px|false|false&#8220; custom_padding_tablet=&#8220;&#8220; custom_padding_phone=&#8220;|20px||20px&#8220; global_colors_info=&#8220;{}&#8220;][et_pb_column type=&#8220;4_4&#8243; _builder_version=&#8220;4.16&#8243; custom_padding=&#8220;|||&#8220; global_colors_info=&#8220;{}&#8220; custom_padding__hover=&#8220;|||&#8220;][et_pb_text _builder_version=&#8220;4.24.0&#8243; text_font=&#8220;Actor|500|||||||&#8220; text_text_color=&#8220;#1e1e1e&#8220; text_font_size=&#8220;20px&#8220; text_line_height=&#8220;1.6em&#8220; header_font=&#8220;Actor||||||||&#8220; header_text_color=&#8220;#0c71c3&#8243; header_4_font=&#8220;Montserrat|500|||||||&#8220; header_4_font_size=&#8220;16px&#8220; header_4_line_height=&#8220;2em&#8220; background_color=&#8220;rgba(255,255,255,0.95)&#8220; custom_margin=&#8220;|||&#8220; custom_padding=&#8220;40px|40px|40px|40px&#8220; animation_style=&#8220;fade&#8220; animation_direction=&#8220;left&#8220; animation_starting_opacity=&#8220;100%&#8220; hover_enabled=&#8220;0&#8243; inline_fonts=&#8220;Actor&#8220; global_colors_info=&#8220;{}&#8220; sticky_enabled=&#8220;0&#8243;]<\/p>\n<p><span style=\"font-size: large;\"><strong><span face=\"Arial, serif\" style=\"font-family: Arial, serif;\"><span size=\"4\">Kunstwerkstatt Bad Kreuznach e.V.<\/span><\/span><\/strong><\/span><\/p>\n<p><span face=\"Arial, serif\" style=\"font-family: Arial, serif;\"><span size=\"4\" style=\"font-size: large;\">Die Kunstwerkstatt Bad Kreuznach e.V. als gemeinn\u00fctziger Verein und freier Tr\u00e4ger der Jugendhilfe versteht sich neben Schule und Elternhaus als dritter Ort der Jugendbildung, ist offen f\u00fcr Kinder und Jugendliche aus der gesamten Bev\u00f6lkerung und regional verankert.\u00a0<\/span><\/span><span face=\"Arial, serif\" style=\"font-family: Arial, serif;\"><span size=\"4\" style=\"font-size: large;\">Die Kunstwerkstatt gibt Kindern und Jugendlichen Raum, ihrer eigenen Phantasie freien Lauf zu lassen. Beim kreativen Arbeiten entwickeln sie ihre F\u00e4higkeiten und St\u00e4rken und gewinnen so das Selbstvertrauen, eigenst\u00e4ndig in allen Bereichen ihres Lebens handeln zu k\u00f6nnen.<\/span><\/span><\/p>\n<p><span face=\"Arial, serif\" style=\"font-family: Arial, serif;\"><span size=\"4\" style=\"font-size: large;\">Wir ber\u00fccksichtigen bei der Gestaltung des breit gef\u00e4cherten Angebots neben den traditionellen k\u00fcnstlerischen Techniken auch kinder-und jugendkulturelle Trends sowie aktuelle Kunststr\u00f6mungen.\u00a0<\/span><\/span><span style=\"font-size: large; font-family: Arial, serif;\">In Kursen und Workshops werden die Teilnehmenden gestalterisch gefordert und gef\u00f6rdert. Beim experimentellen und teilweise intermedi\u00e4ren Arbeiten entwickeln sie unter der fachlich versierten Begleitung einer Vielzahl an Kursleiterinnen und Kursleitern eine eigene Beziehung zu Kunst und \u00c4sthetik. Es besteht die\u00a0<\/span><span style=\"font-size: large; font-family: Arial, serif;\">M\u00f6glichkeit, dass Kursgeb\u00fchren \u00fcbernommen werden. Beim k\u00fcnstlerischen Arbeiten in entspannter Atmosph\u00e4re wird gestalterische Neugier geweckt. Nebenbei werden soziale Kompetenzen wie Teamf\u00e4higkeit und Toleranz entwickelt.<\/span><\/p>\n<p><span face=\"Arial, serif\" style=\"font-family: Arial, serif;\"><span size=\"4\" style=\"font-size: large;\">Viele Menschen tragen zum Gelingen bei: Neben dem Team des Tr\u00e4gervereins mit seinem sozial<\/span><\/span><span style=\"font-size: large; font-family: Arial, serif;\">en Engagement und unterschiedlichen F\u00f6rderern sind es insbesondere die Kursleiterinnen und Kursleiter mit ihrem Reichtum an k\u00fcnstlerischen Kompetenzen sowie die engagierte ehrenamtliche Leitung, die zum Gedeihen der Kunstwerkstatt in Bad Kreuznach als kultureller Bildungsort beitragen.<\/span><\/p>\n<p>[\/et_pb_text][\/et_pb_column][\/et_pb_row][et_pb_row _builder_version=&#8220;4.16&#8243; custom_padding=&#8220;0|0px|0|0px|false|false&#8220; animation_style=&#8220;fade&#8220; global_colors_info=&#8220;{}&#8220;][et_pb_column type=&#8220;4_4&#8243; _builder_version=&#8220;4.16&#8243; custom_padding=&#8220;|||&#8220; global_colors_info=&#8220;{}&#8220; custom_padding__hover=&#8220;|||&#8220;][et_pb_cta button_url=&#8220;https:\/\/kunstwerkstatt-kh.de&#8220; url_new_window=&#8220;on&#8220; button_text=&#8220;Zum Kursprogramm&#8220; _builder_version=&#8220;4.16&#8243; header_font=&#8220;Actor|||on|||||&#8220; header_text_color=&#8220;#0091c1&#8243; header_font_size=&#8220;36px&#8220; header_letter_spacing=&#8220;3px&#8220; header_line_height=&#8220;1.8em&#8220; body_font=&#8220;Actor||||||||&#8220; body_font_size=&#8220;22px&#8220; body_line_height=&#8220;1.8em&#8220; background_color=&#8220;#ffffff&#8220; button_alignment=&#8220;center&#8220; background_layout=&#8220;light&#8220; max_width_tablet=&#8220;&#8220; max_width_phone=&#8220;&#8220; max_width_last_edited=&#8220;on|phone&#8220; custom_margin=&#8220;|0px|0px|0px&#8220; custom_padding=&#8220;23px|||&#8220; custom_padding_tablet=&#8220;&#8220; custom_padding_phone=&#8220;&#8220; custom_padding_last_edited=&#8220;on|desktop&#8220; animation_style=&#8220;fade&#8220; animation_direction=&#8220;bottom&#8220; animation_starting_opacity=&#8220;100%&#8220; header_font_size_tablet=&#8220;22px&#8220; header_font_size_phone=&#8220;26px&#8220; header_font_size_last_edited=&#8220;on|desktop&#8220; header_letter_spacing_tablet=&#8220;&#8220; header_letter_spacing_phone=&#8220;&#8220; header_letter_spacing_last_edited=&#8220;on|desktop&#8220; body_letter_spacing_tablet=&#8220;&#8220; body_letter_spacing_phone=&#8220;&#8220; body_letter_spacing_last_edited=&#8220;on|tablet&#8220; inline_fonts=&#8220;ABeeZee&#8220; global_colors_info=&#8220;{}&#8220; button_text_size__hover_enabled=&#8220;off&#8220; button_one_text_size__hover_enabled=&#8220;off&#8220; button_two_text_size__hover_enabled=&#8220;off&#8220; button_text_color__hover_enabled=&#8220;off&#8220; button_one_text_color__hover_enabled=&#8220;off&#8220; button_two_text_color__hover_enabled=&#8220;off&#8220; button_border_width__hover_enabled=&#8220;off&#8220; button_one_border_width__hover_enabled=&#8220;off&#8220; button_two_border_width__hover_enabled=&#8220;off&#8220; button_border_color__hover_enabled=&#8220;off&#8220; button_one_border_color__hover_enabled=&#8220;off&#8220; button_two_border_color__hover_enabled=&#8220;off&#8220; button_border_radius__hover_enabled=&#8220;off&#8220; button_one_border_radius__hover_enabled=&#8220;off&#8220; button_two_border_radius__hover_enabled=&#8220;off&#8220; button_letter_spacing__hover_enabled=&#8220;off&#8220; button_one_letter_spacing__hover_enabled=&#8220;off&#8220; button_two_letter_spacing__hover_enabled=&#8220;off&#8220; button_bg_color__hover_enabled=&#8220;off&#8220; button_one_bg_color__hover_enabled=&#8220;off&#8220; button_two_bg_color__hover_enabled=&#8220;off&#8220;][\/et_pb_cta][\/et_pb_column][\/et_pb_row][\/et_pb_section]<\/p>\n","protected":false},"excerpt":{"rendered":"<p>Wer wir sindKunstwerkstatt Bad Kreuznach e.V. Die Kunstwerkstatt Bad Kreuznach e.V. als gemeinn\u00fctziger Verein und freier Tr\u00e4ger der Jugendhilfe versteht sich neben Schule und Elternhaus als dritter Ort der Jugendbildung, ist offen f\u00fcr Kinder und Jugendliche aus der gesamten Bev\u00f6lkerung und regional verankert.\u00a0Die Kunstwerkstatt gibt Kindern und Jugendlichen Raum, ihrer eigenen Phantasie freien Lauf zu [&hellip;]<\/p>\n","protected":false},"author":1,"featured_media":0,"parent":0,"menu_order":0,"comment_status":"closed","ping_status":"closed","template":"","meta":{"_et_pb_use_builder":"on","_et_pb_old_content":"","_et_gb_content_width":"","footnotes":""},"class_list":["post-1100","page","type-page","status-publish","hentry"],"_links":{"self":[{"href":"https:\/\/kunstwerkstatt-kh.de\/index.php?rest_route=\/wp\/v2\/pages\/1100","targetHints":{"allow":["GET"]}}],"collection":[{"href":"https:\/\/kunstwerkstatt-kh.de\/index.php?rest_route=\/wp\/v2\/pages"}],"about":[{"href":"https:\/\/kunstwerkstatt-kh.de\/index.php?rest_route=\/wp\/v2\/types\/page"}],"author":[{"embeddable":true,"href":"https:\/\/kunstwerkstatt-kh.de\/index.php?rest_route=\/wp\/v2\/users\/1"}],"replies":[{"embeddable":true,"href":"https:\/\/kunstwerkstatt-kh.de\/index.php?rest_route=%2Fwp%2Fv2%2Fcomments&post=1100"}],"version-history":[{"count":17,"href":"https:\/\/kunstwerkstatt-kh.de\/index.php?rest_route=\/wp\/v2\/pages\/1100\/revisions"}],"predecessor-version":[{"id":8989,"href":"https:\/\/kunstwerkstatt-kh.de\/index.php?rest_route=\/wp\/v2\/pages\/1100\/revisions\/8989"}],"wp:attachment":[{"href":"https:\/\/kunstwerkstatt-kh.de\/index.php?rest_route=%2Fwp%2Fv2%2Fmedia&parent=1100"}],"curies":[{"name":"wp","href":"https:\/\/api.w.org\/{rel}","templated":true}]}}