{"id":112,"date":"2018-03-27T17:11:31","date_gmt":"2018-03-27T17:11:31","guid":{"rendered":"https:\/\/kunstwerkstatt-kh.de\/?page_id=112"},"modified":"2026-03-19T22:35:34","modified_gmt":"2026-03-19T22:35:34","slug":"kunstwerkstatt-2","status":"publish","type":"page","link":"https:\/\/kunstwerkstatt-kh.de\/?page_id=112","title":{"rendered":"KUNSTWERKSTATT"},"content":{"rendered":"<p>[et_pb_section fb_built=&#8220;1&#8243; admin_label=&#8220;Hero&#8220; _builder_version=&#8220;4.16&#8243; background_image=&#8220;https:\/\/kunstwerkstatt-kh.de\/wp-content\/uploads\/2018\/03\/Kuwe_Panorama_7.jpg&#8220; background_size=&#8220;initial&#8220; custom_margin=&#8220;|||&#8220; custom_padding=&#8220;200px||199px||false|false&#8220; animation_style=&#8220;fade&#8220; global_colors_info=&#8220;{}&#8220;][\/et_pb_section][et_pb_section fb_built=&#8220;1&#8243; admin_label=&#8220;Features&#8220; _builder_version=&#8220;4.16&#8243; custom_margin=&#8220;1px|0px|0px|0px&#8220; custom_padding=&#8220;13px||0|0px|false|false&#8220; animation_style=&#8220;fade&#8220; global_colors_info=&#8220;{}&#8220;][et_pb_row _builder_version=&#8220;4.16&#8243; background_size=&#8220;initial&#8220; background_position=&#8220;top_left&#8220; background_repeat=&#8220;repeat&#8220; custom_padding=&#8220;0|0px|0|0px&#8220; animation_style=&#8220;fade&#8220; global_colors_info=&#8220;{}&#8220;][et_pb_column type=&#8220;4_4&#8243; _builder_version=&#8220;4.16&#8243; custom_padding=&#8220;|||&#8220; global_colors_info=&#8220;{}&#8220; custom_padding__hover=&#8220;|||&#8220;][et_pb_text content_tablet=&#8220;&#8220; content_phone=&#8220;&#8220; content_last_edited=&#8220;on|phone&#8220; _builder_version=&#8220;4.16&#8243; text_font=&#8220;|500|||||||&#8220; text_text_color=&#8220;#0c71c3&#8243; text_font_size=&#8220;36px&#8220; text_letter_spacing=&#8220;2px&#8220; text_line_height=&#8220;1.6em&#8220; header_font=&#8220;||||||||&#8220; header_text_align=&#8220;center&#8220; text_orientation=&#8220;center&#8220; custom_margin=&#8220;5px|||&#8220; custom_padding=&#8220;0px||12px|&#8220; animation_style=&#8220;fade&#8220; animation_direction=&#8220;bottom&#8220; animation_starting_opacity=&#8220;100%&#8220; text_font_size_tablet=&#8220;&#8220; text_font_size_phone=&#8220;20px&#8220; text_font_size_last_edited=&#8220;on|phone&#8220; header_font_size_tablet=&#8220;&#8220; header_font_size_phone=&#8220;21px&#8220; header_font_size_last_edited=&#8220;on|phone&#8220; global_colors_info=&#8220;{}&#8220;]KUNSTWERKSTATT<br \/>\n[\/et_pb_text][\/et_pb_column][\/et_pb_row][et_pb_row column_structure=&#8220;1_2,1_2&#8243; custom_padding_last_edited=&#8220;on|phone&#8220; _builder_version=&#8220;4.27.4&#8243; background_color=&#8220;rgba(129,167,193,0.6)&#8220; custom_margin=&#8220;45px||45px|&#8220; custom_padding=&#8220;48px|50px|32px|50px&#8220; custom_padding_tablet=&#8220;&#8220; custom_padding_phone=&#8220;|20px||20px&#8220; hover_enabled=&#8220;0&#8243; global_colors_info=&#8220;{}&#8220; sticky_enabled=&#8220;0&#8243;][et_pb_column type=&#8220;1_2&#8243; _builder_version=&#8220;4.16&#8243; custom_padding=&#8220;|||&#8220; global_colors_info=&#8220;{}&#8220; custom_padding__hover=&#8220;|||&#8220;][et_pb_text _builder_version=&#8220;4.27.4&#8243; text_font=&#8220;|500|||||||&#8220; text_text_color=&#8220;#000000&#8243; text_font_size=&#8220;20px&#8220; text_line_height=&#8220;1.3em&#8220; header_font=&#8220;||||||||&#8220; header_text_color=&#8220;#0c71c3&#8243; header_4_font=&#8220;Montserrat|500|||||||&#8220; header_4_font_size=&#8220;16px&#8220; header_4_line_height=&#8220;2em&#8220; background_color=&#8220;rgba(255,255,255,0.95)&#8220; min_height=&#8220;310.4px&#8220; custom_margin=&#8220;||21px|||&#8220; custom_padding=&#8220;40px|40px|40px|40px&#8220; animation_style=&#8220;fade&#8220; animation_direction=&#8220;left&#8220; animation_starting_opacity=&#8220;100%&#8220; hover_enabled=&#8220;0&#8243; text_font_size_tablet=&#8220;&#8220; text_font_size_phone=&#8220;13px&#8220; text_font_size_last_edited=&#8220;on|phone&#8220; header_font_size_tablet=&#8220;&#8220; header_font_size_phone=&#8220;16px&#8220; header_font_size_last_edited=&#8220;on|phone&#8220; locked=&#8220;off&#8220; inline_fonts=&#8220;Actor,Arial&#8220; global_colors_info=&#8220;{}&#8220; sticky_enabled=&#8220;0&#8243; width=&#8220;100%&#8220;]<\/p>\n<h5><strong>Wer wir sind:<\/strong><\/h5>\n<h5>Die Kunstwerkstatt Bad Kreuznach e.V. ist ein privater Verein, der als Tr\u00e4gerverein die Kunstwerkstatt weitgehend ehrenamtlich leitet und verwaltet. Eine befristete Halbzeit-Stelle, ein BFDler, eine B\u00fcrokraft auf Minijobbasis sowie weitere ehrenamtliche Mitarbeiter*innen unterst\u00fctzen die Arbeit.<\/h5>\n<h5>Die ca. 20 Kursleiter*innen arbeiten auf Honorarbasis. Diese sind Erzieherinnen, Kunstp\u00e4dagogen, Medienp\u00e4dagogin, Grafikdesigner, Tanzp\u00e4dagogin, K\u00fcnstler, Bildhauer, Schreiner, Ergotherapeutin, Raumausstatterin. Der Verein wird finanziert durch die Kursgeb\u00fchren, Spenden, Zuwendungen der Stadt und durch die F\u00f6rdergelder des Landes Rheinland-Pfalz.<\/h5>\n<h5>Die Einrichtung ist <strong>vom Land Rheinland-Pfalz als zertifizierte Jugendkunstschule<\/strong> anerkannt und ist Mitglied im \u201eLandesverband Soziokultur und Kulturelle Bildung RLP\u201c.<\/h5>\n<h5>Wir sind Teil des Netzwerkes <strong>\u201eKreuznach f\u00fcr Vielfalt\u201c<\/strong> und beteiligen uns j\u00e4hrlich am Aktionstag w\u00e4hrend der Internationalen Wochen gegen Rassismus.<\/h5>\n<p>[\/et_pb_text][\/et_pb_column][et_pb_column type=&#8220;1_2&#8243; _builder_version=&#8220;4.21.0&#8243; _module_preset=&#8220;default&#8220; global_colors_info=&#8220;{}&#8220;][et_pb_text _builder_version=&#8220;4.27.4&#8243; text_font=&#8220;|500|||||||&#8220; text_text_color=&#8220;#000000&#8243; text_font_size=&#8220;20px&#8220; text_line_height=&#8220;1.3em&#8220; header_font=&#8220;||||||||&#8220; header_text_color=&#8220;#0c71c3&#8243; header_line_height=&#8220;1.6em&#8220; header_2_font=&#8220;||||||||&#8220; header_3_font=&#8220;||||||||&#8220; header_4_font=&#8220;Montserrat|500|||||||&#8220; header_4_text_color=&#8220;#000000&#8243; header_4_font_size=&#8220;36px&#8220; header_4_line_height=&#8220;2em&#8220; background_color=&#8220;rgba(255,255,255,0.95)&#8220; custom_margin=&#8220;||52px|||&#8220; custom_padding=&#8220;40px|24px|111px|32px||&#8220; animation_style=&#8220;fade&#8220; animation_direction=&#8220;left&#8220; animation_starting_opacity=&#8220;100%&#8220; link_option_url=&#8220;https:\/\/kunstwerkstatt-kh.de\/?page_id=1183&#038;et_fb=1&#8243; hover_enabled=&#8220;0&#8243; text_font_tablet=&#8220;&#8220; text_font_phone=&#8220;&#8220; text_font_last_edited=&#8220;on|phone&#8220; text_font_size_tablet=&#8220;&#8220; text_font_size_phone=&#8220;13px&#8220; text_font_size_last_edited=&#8220;on|phone&#8220; header_font_size_tablet=&#8220;&#8220; header_font_size_phone=&#8220;16px&#8220; header_font_size_last_edited=&#8220;on|phone&#8220; locked=&#8220;off&#8220; inline_fonts=&#8220;Actor&#8220; global_colors_info=&#8220;{}&#8220; sticky_enabled=&#8220;0&#8243;]<\/p>\n<h5><strong>Vorstand Tr\u00e4gerverein der Kunstwerkstatt:<\/strong><\/h5>\n<h5>Renate Ziegler<\/h5>\n<h5>Matthias Schober<\/h5>\n<h5>Karen Borberg<\/h5>\n<h5>\u00a0<\/h5>\n<h5><strong>Management:<\/strong><\/h5>\n<h5>Renate Ziegler, Leitung<\/h5>\n<h5>Nina Kistner-Ngo, stv. Leitung, \u00d6ffentlichkeitsarbeit<\/h5>\n<h5>Beate Stephan, Finanzen<\/h5>\n<h5>Sonja Schober, Organisation Kunst-Mobil &amp; K\u00fcnstlerische Leitung<\/h5>\n<h5>Mirijam Stanger, BFD<\/h5>\n<p>[\/et_pb_text][\/et_pb_column][\/et_pb_row][et_pb_row _builder_version=&#8220;4.16&#8243; width=&#8220;100%&#8220; max_width=&#8220;2560px&#8220; min_height=&#8220;176px&#8220; custom_margin=&#8220;11px|auto||auto||&#8220; custom_padding=&#8220;19px||0px|||&#8220; locked=&#8220;off&#8220; global_colors_info=&#8220;{}&#8220;][et_pb_column type=&#8220;4_4&#8243; _builder_version=&#8220;4.16&#8243; global_colors_info=&#8220;{}&#8220;][et_pb_button button_url=&#8220;https:\/\/kunstwerkstatt-kh.de\/?page_id=861&#8243; url_new_window=&#8220;on&#8220; button_text=&#8220;KONTAKT&#8220; button_alignment=&#8220;center&#8220; _builder_version=&#8220;4.21.0&#8243; _module_preset=&#8220;default&#8220; custom_margin=&#8220;13px||40px|||&#8220; custom_padding=&#8220;||4px|||&#8220; locked=&#8220;off&#8220; global_colors_info=&#8220;{}&#8220;][\/et_pb_button][et_pb_social_media_follow _builder_version=&#8220;4.16&#8243; text_orientation=&#8220;center&#8220; max_width=&#8220;100%&#8220; custom_margin=&#8220;-19px||14px|||&#8220; custom_padding=&#8220;13px|||||&#8220; global_colors_info=&#8220;{}&#8220;][et_pb_social_media_follow_network social_network=&#8220;youtube&#8220; url=&#8220;https:\/\/www.youtube.com\/channel\/UCECALOGfORyjXRLV_pq_wEw&#8220; icon_color=&#8220;#ffffff&#8220; _builder_version=&#8220;4.16&#8243; background_color=&#8220;#a82400&#8243; global_colors_info=&#8220;{}&#8220; follow_button=&#8220;off&#8220; url_new_window=&#8220;on&#8220;]youtube[\/et_pb_social_media_follow_network][et_pb_social_media_follow_network social_network=&#8220;facebook&#8220; url=&#8220;https:\/\/www.facebook.com\/pg\/Kunstwerkstatt-Bad-Kreuznach-134753623342961\/about\/?ref=page_internal&#8220; _builder_version=&#8220;4.16&#8243; background_color=&#8220;#3b5998&#8243; global_colors_info=&#8220;{}&#8220; follow_button=&#8220;off&#8220; url_new_window=&#8220;on&#8220;]facebook[\/et_pb_social_media_follow_network][et_pb_social_media_follow_network social_network=&#8220;instagram&#8220; url=&#8220;https:\/\/www.instagram.com\/kunstwerkstattbadkreuznach\/?hl=de&#8220; _builder_version=&#8220;4.16&#8243; background_color=&#8220;#ea2c59&#8243; global_colors_info=&#8220;{}&#8220; follow_button=&#8220;off&#8220; url_new_window=&#8220;on&#8220;]instagram[\/et_pb_social_media_follow_network][\/et_pb_social_media_follow][\/et_pb_column][\/et_pb_row][et_pb_row _builder_version=&#8220;4.16&#8243; custom_padding=&#8220;0|0px|0|0px|false|false&#8220; animation_style=&#8220;fade&#8220; global_colors_info=&#8220;{}&#8220;][et_pb_column type=&#8220;4_4&#8243; _builder_version=&#8220;4.16&#8243; custom_padding=&#8220;|||&#8220; global_colors_info=&#8220;{}&#8220; custom_padding__hover=&#8220;|||&#8220;][\/et_pb_column][\/et_pb_row][\/et_pb_section]<\/p>\n","protected":false},"excerpt":{"rendered":"<p>KUNSTWERKSTATT Wer wir sind: Die Kunstwerkstatt Bad Kreuznach e.V. ist ein privater Verein, der als Tr\u00e4gerverein die Kunstwerkstatt weitgehend ehrenamtlich leitet und verwaltet. Eine befristete Halbzeit-Stelle, ein BFDler, eine B\u00fcrokraft auf Minijobbasis sowie weitere ehrenamtliche Mitarbeiter*innen unterst\u00fctzen die Arbeit. Die ca. 20 Kursleiter*innen arbeiten auf Honorarbasis. Diese sind Erzieherinnen, Kunstp\u00e4dagogen, Medienp\u00e4dagogin, Grafikdesigner, Tanzp\u00e4dagogin, K\u00fcnstler, Bildhauer, [&hellip;]<\/p>\n","protected":false},"author":1,"featured_media":0,"parent":0,"menu_order":0,"comment_status":"closed","ping_status":"closed","template":"","meta":{"_et_pb_use_builder":"on","_et_pb_old_content":"","_et_gb_content_width":"","footnotes":""},"class_list":["post-112","page","type-page","status-publish","hentry"],"_links":{"self":[{"href":"https:\/\/kunstwerkstatt-kh.de\/index.php?rest_route=\/wp\/v2\/pages\/112","targetHints":{"allow":["GET"]}}],"collection":[{"href":"https:\/\/kunstwerkstatt-kh.de\/index.php?rest_route=\/wp\/v2\/pages"}],"about":[{"href":"https:\/\/kunstwerkstatt-kh.de\/index.php?rest_route=\/wp\/v2\/types\/page"}],"author":[{"embeddable":true,"href":"https:\/\/kunstwerkstatt-kh.de\/index.php?rest_route=\/wp\/v2\/users\/1"}],"replies":[{"embeddable":true,"href":"https:\/\/kunstwerkstatt-kh.de\/index.php?rest_route=%2Fwp%2Fv2%2Fcomments&post=112"}],"version-history":[{"count":132,"href":"https:\/\/kunstwerkstatt-kh.de\/index.php?rest_route=\/wp\/v2\/pages\/112\/revisions"}],"predecessor-version":[{"id":10411,"href":"https:\/\/kunstwerkstatt-kh.de\/index.php?rest_route=\/wp\/v2\/pages\/112\/revisions\/10411"}],"wp:attachment":[{"href":"https:\/\/kunstwerkstatt-kh.de\/index.php?rest_route=%2Fwp%2Fv2%2Fmedia&parent=112"}],"curies":[{"name":"wp","href":"https:\/\/api.w.org\/{rel}","templated":true}]}}